{"id":5045,"date":"2025-01-04T14:52:31","date_gmt":"2025-01-04T13:52:31","guid":{"rendered":"https:\/\/www.arep.cat\/politica-de-privacidad\/"},"modified":"2025-12-03T13:26:02","modified_gmt":"2025-12-03T12:26:02","slug":"politica-de-privacidad","status":"publish","type":"page","link":"https:\/\/www.arep.cat\/es\/politica-de-privacidad\/","title":{"rendered":"Pol\u00edtica de privacidad"},"content":{"rendered":"\t\t<div data-elementor-type=\"wp-page\" data-elementor-id=\"5045\" class=\"elementor elementor-5045 elementor-3\" data-elementor-post-type=\"page\">\n\t\t\t\t<div class=\"elementor-element elementor-element-493af597 e-flex e-con-boxed e-con e-parent\" data-id=\"493af597\" data-element_type=\"container\" data-e-type=\"container\">\n\t\t\t\t\t<div class=\"e-con-inner\">\n\t\t\t\t<div class=\"elementor-element elementor-element-f298b7d elementor-widget elementor-widget-heading\" data-id=\"f298b7d\" data-element_type=\"widget\" data-e-type=\"widget\" data-widget_type=\"heading.default\">\n\t\t\t\t<div class=\"elementor-widget-container\">\n\t\t\t\t\t<h1 class=\"elementor-heading-title elementor-size-default\">Pol\u00edtica de privacidad y protecci\u00f3n de datos<\/h1>\t\t\t\t<\/div>\n\t\t\t\t<\/div>\n\t\t\t\t\t<\/div>\n\t\t\t\t<\/div>\n\t\t<div class=\"elementor-element elementor-element-31919a7 e-flex e-con-boxed e-con e-parent\" data-id=\"31919a7\" data-element_type=\"container\" data-e-type=\"container\">\n\t\t\t\t\t<div class=\"e-con-inner\">\n\t\t<div class=\"elementor-element elementor-element-45ddc94 e-con-full e-flex e-con e-child\" data-id=\"45ddc94\" data-element_type=\"container\" data-e-type=\"container\">\n\t\t\t\t<div class=\"elementor-element elementor-element-8cffd4a elementor-widget elementor-widget-heading\" data-id=\"8cffd4a\" data-element_type=\"widget\" data-e-type=\"widget\" data-widget_type=\"heading.default\">\n\t\t\t\t<div class=\"elementor-widget-container\">\n\t\t\t\t\t<h5 class=\"elementor-heading-title elementor-size-default\">Datos solicitados<\/h5>\t\t\t\t<\/div>\n\t\t\t\t<\/div>\n\t\t\t\t<div class=\"elementor-element elementor-element-2eb6ff7 elementor-widget elementor-widget-text-editor\" data-id=\"2eb6ff7\" data-element_type=\"widget\" data-e-type=\"widget\" data-widget_type=\"text-editor.default\">\n\t\t\t\t<div class=\"elementor-widget-container\">\n\t\t\t\t\t\t\t\t\t<p>Para acceder a algunos de los espacios de la web ser\u00e1 necesario facilitar determinadas datos personales que ser\u00e1n tratados de forma automatizada. Estos tratamientos o ficheros ser\u00e1n inscritos en la Agencia Espa\u00f1ola de Protecci\u00f3n de Datos bajo la titularidad de ASSOCIACI\u00d3 AREP PER LA SALUT MENTAL. <\/p>\n<p>El responsable del fichero ASSOCIACI\u00d3 AREP PER LA SALUT MENTAL se compromete a cumplir la obligaci\u00f3n de secreto respecto a los contenidos en el fichero.<\/p>\t\t\t\t\t\t\t\t<\/div>\n\t\t\t\t<\/div>\n\t\t\t\t<div class=\"elementor-element elementor-element-00c9090 elementor-widget elementor-widget-heading\" data-id=\"00c9090\" data-element_type=\"widget\" data-e-type=\"widget\" data-widget_type=\"heading.default\">\n\t\t\t\t<div class=\"elementor-widget-container\">\n\t\t\t\t\t<h5 class=\"elementor-heading-title elementor-size-default\">Derecho de acceso<\/h5>\t\t\t\t<\/div>\n\t\t\t\t<\/div>\n\t\t\t\t<div class=\"elementor-element elementor-element-6ed831b elementor-widget elementor-widget-text-editor\" data-id=\"6ed831b\" data-element_type=\"widget\" data-e-type=\"widget\" data-widget_type=\"text-editor.default\">\n\t\t\t\t<div class=\"elementor-widget-container\">\n\t\t\t\t\t\t\t\t\t<p>El titular de los datos de car\u00e1cter personal tendr\u00e1 derecho de acceso, rectificaci\u00f3n, cancelaci\u00f3n u oposici\u00f3n respecto a cu\u00e1ntos datos suyos est\u00e9n almacenadas en la base de datos de ASSOCIACI\u00d3 AREP PER LA SALUT MENTAL. Estos derechos podr\u00e1n ser ejercitados a trav\u00e9s de cualquier medio de comunicaci\u00f3n con ASSOCIACI\u00d3 AREP PER LA SALUT MENTAL en la direcci\u00f3n Paseo Maragall 124, 08027 Barcelona, o en el e-mail <a href=\"mailto:arep@arep.cat\">arep@arep.cat<\/a>, adjuntando fotocopia de DNI del titular de los datos. <\/p>\t\t\t\t\t\t\t\t<\/div>\n\t\t\t\t<\/div>\n\t\t\t\t<div class=\"elementor-element elementor-element-b2e3372 elementor-widget elementor-widget-heading\" data-id=\"b2e3372\" data-element_type=\"widget\" data-e-type=\"widget\" data-widget_type=\"heading.default\">\n\t\t\t\t<div class=\"elementor-widget-container\">\n\t\t\t\t\t<h5 class=\"elementor-heading-title elementor-size-default\">Objetivos de la recogida de datos<\/h5>\t\t\t\t<\/div>\n\t\t\t\t<\/div>\n\t\t\t\t<div class=\"elementor-element elementor-element-5b938da elementor-widget elementor-widget-text-editor\" data-id=\"5b938da\" data-element_type=\"widget\" data-e-type=\"widget\" data-widget_type=\"text-editor.default\">\n\t\t\t\t<div class=\"elementor-widget-container\">\n\t\t\t\t\t\t\t\t\t<p>Cuando se solicite rellenar un formulario en el que se recojan datos de car\u00e1cter personal, se informar\u00e1 al usuario de la finalidad del tratamiento, de la identidad y direcci\u00f3n del responsable del fichero, de los destinatarios de la informaci\u00f3n y de la posibilidad del titular de los datos de ejercer los derechos de acceso, rectificaci\u00f3n, cancelaci\u00f3n y oposici\u00f3n en el tratamiento de sus datos.<\/p>\t\t\t\t\t\t\t\t<\/div>\n\t\t\t\t<\/div>\n\t\t\t\t<\/div>\n\t\t<div class=\"elementor-element elementor-element-1339263 e-con-full e-flex e-con e-child\" data-id=\"1339263\" data-element_type=\"container\" data-e-type=\"container\">\n\t\t\t\t<div class=\"elementor-element elementor-element-1e2a75e elementor-widget elementor-widget-text-editor\" data-id=\"1e2a75e\" data-element_type=\"widget\" data-e-type=\"widget\" data-widget_type=\"text-editor.default\">\n\t\t\t\t<div class=\"elementor-widget-container\">\n\t\t\t\t\t\t\t\t\t<p>Al mismo tiempo, los usuarios autorizan expresamente a la empresa a enviarles informaci\u00f3n comercial v\u00eda electr\u00f3nica, respecto a novedades en el \u00e1mbito de los productos y servicios prestados por la misma; en el supuesto de que no deseen recibir la mencionada informaci\u00f3n habr\u00e1 suficiente con notificarlo v\u00eda e-mail a <a href=\"mailto:arep@arep.cat\">arep@arep.cat<\/a>. en cualquier momento. <\/p>\t\t\t\t\t\t\t\t<\/div>\n\t\t\t\t<\/div>\n\t\t\t\t<div class=\"elementor-element elementor-element-6545b5b elementor-widget elementor-widget-heading\" data-id=\"6545b5b\" data-element_type=\"widget\" data-e-type=\"widget\" data-widget_type=\"heading.default\">\n\t\t\t\t<div class=\"elementor-widget-container\">\n\t\t\t\t\t<h5 class=\"elementor-heading-title elementor-size-default\">Medidas de seguridad<\/h5>\t\t\t\t<\/div>\n\t\t\t\t<\/div>\n\t\t\t\t<div class=\"elementor-element elementor-element-33d99cc elementor-widget elementor-widget-text-editor\" data-id=\"33d99cc\" data-element_type=\"widget\" data-e-type=\"widget\" data-widget_type=\"text-editor.default\">\n\t\t\t\t<div class=\"elementor-widget-container\">\n\t\t\t\t\t\t\t\t\t<p>ASSOCIACI\u00d3 AREP PER LA SALUT MENTAL han tomado todas las medidas legalmente requeridas para la protecci\u00f3n de datos personales; no obstante, han adoptado todos los dispositivos t\u00e9cnicos a su alcance para evitar la p\u00e9rdida, el mal uso, la alteraci\u00f3n, el acceso o el robo de los datos personales facilitados por los usuarios de la web. El usuario tendr\u00e1 en cuenta, no obstante, que las medidas de seguridad a Internet no son absolutamente inviolables. Por esta raz\u00f3n aconsejamos consultar el apartado Recomendaciones de uso de Internet.  <\/p>\t\t\t\t\t\t\t\t<\/div>\n\t\t\t\t<\/div>\n\t\t\t\t<div class=\"elementor-element elementor-element-104c481 elementor-widget elementor-widget-heading\" data-id=\"104c481\" data-element_type=\"widget\" data-e-type=\"widget\" data-widget_type=\"heading.default\">\n\t\t\t\t<div class=\"elementor-widget-container\">\n\t\t\t\t\t<h5 class=\"elementor-heading-title elementor-size-default\">Presencia de cookies<\/h5>\t\t\t\t<\/div>\n\t\t\t\t<\/div>\n\t\t\t\t<div class=\"elementor-element elementor-element-f4465d8 elementor-widget elementor-widget-text-editor\" data-id=\"f4465d8\" data-element_type=\"widget\" data-e-type=\"widget\" data-widget_type=\"text-editor.default\">\n\t\t\t\t<div class=\"elementor-widget-container\">\n\t\t\t\t\t\t\t\t\t<p>Esta web utiliza cookies cuando un usuario navega por la web. Los cookies son unos peque\u00f1os ficheros de datos que el servidor de Internet remite al navegador y que le son devueltos posteriormente en cada nueva petici\u00f3n. Estos ficheros se almacenan al ordenador del usuario y permiten al sistema recordar caracter\u00edsticas o preferencias de navegaci\u00f3n de sesiones anteriores. Los cookies de esta web no son invasivos ni nocivos, y no contienen datos de car\u00e1cter personal. En todo caso, se puede desactivar la utilizaci\u00f3n de cookies siguiendo las instrucciones de su navegador.    <\/p>\t\t\t\t\t\t\t\t<\/div>\n\t\t\t\t<\/div>\n\t\t\t\t<\/div>\n\t\t\t\t\t<\/div>\n\t\t\t\t<\/div>\n\t\t\t\t<\/div>\n\t\t","protected":false},"excerpt":{"rendered":"<p>Pol\u00edtica de privacidad y protecci\u00f3n de datos Datos solicitados Para acceder a algunos de los espacios de la web ser\u00e1 necesario facilitar determinadas datos personales que ser\u00e1n tratados de forma automatizada. Estos tratamientos o ficheros ser\u00e1n inscritos en la Agencia Espa\u00f1ola de Protecci\u00f3n de Datos bajo la titularidad de ASSOCIACI\u00d3 AREP PER LA SALUT MENTAL. [&hellip;]<\/p>\n","protected":false},"author":1,"featured_media":0,"parent":0,"menu_order":0,"comment_status":"closed","ping_status":"closed","template":"","meta":{"inline_featured_image":false,"footnotes":""},"class_list":["post-5045","page","type-page","status-publish","hentry"],"yoast_head":"<!-- This site is optimized with the Yoast SEO plugin v26.9 - https:\/\/yoast.com\/product\/yoast-seo-wordpress\/ -->\n<title>Pol\u00edtica de privacidad - Arep<\/title>\n<meta name=\"robots\" content=\"index, follow, max-snippet:-1, max-image-preview:large, max-video-preview:-1\" \/>\n<link rel=\"canonical\" href=\"https:\/\/www.arep.cat\/es\/politica-de-privacidad\/\" \/>\n<meta property=\"og:locale\" content=\"es_ES\" \/>\n<meta property=\"og:type\" content=\"article\" \/>\n<meta property=\"og:title\" content=\"Pol\u00edtica de privacidad - Arep\" \/>\n<meta property=\"og:description\" content=\"Pol\u00edtica de privacidad y protecci\u00f3n de datos Datos solicitados Para acceder a algunos de los espacios de la web ser\u00e1 necesario facilitar determinadas datos personales que ser\u00e1n tratados de forma automatizada. Estos tratamientos o ficheros ser\u00e1n inscritos en la Agencia Espa\u00f1ola de Protecci\u00f3n de Datos bajo la titularidad de ASSOCIACI\u00d3 AREP PER LA SALUT MENTAL. [&hellip;]\" \/>\n<meta property=\"og:url\" content=\"https:\/\/www.arep.cat\/es\/politica-de-privacidad\/\" \/>\n<meta property=\"og:site_name\" content=\"Arep\" \/>\n<meta property=\"article:modified_time\" content=\"2025-12-03T12:26:02+00:00\" \/>\n<meta name=\"twitter:card\" content=\"summary_large_image\" \/>\n<meta name=\"twitter:label1\" content=\"Tiempo de lectura\" \/>\n\t<meta name=\"twitter:data1\" content=\"3 minutos\" \/>\n<script type=\"application\/ld+json\" class=\"yoast-schema-graph\">{\"@context\":\"https:\/\/schema.org\",\"@graph\":[{\"@type\":\"WebPage\",\"@id\":\"https:\/\/www.arep.cat\/es\/politica-de-privacidad\/\",\"url\":\"https:\/\/www.arep.cat\/es\/politica-de-privacidad\/\",\"name\":\"Pol\u00edtica de privacidad - Arep\",\"isPartOf\":{\"@id\":\"https:\/\/www.arep.cat\/es\/#website\"},\"datePublished\":\"2025-01-04T13:52:31+00:00\",\"dateModified\":\"2025-12-03T12:26:02+00:00\",\"breadcrumb\":{\"@id\":\"https:\/\/www.arep.cat\/es\/politica-de-privacidad\/#breadcrumb\"},\"inLanguage\":\"es\",\"potentialAction\":[{\"@type\":\"ReadAction\",\"target\":[\"https:\/\/www.arep.cat\/es\/politica-de-privacidad\/\"]}]},{\"@type\":\"BreadcrumbList\",\"@id\":\"https:\/\/www.arep.cat\/es\/politica-de-privacidad\/#breadcrumb\",\"itemListElement\":[{\"@type\":\"ListItem\",\"position\":1,\"name\":\"Inici\",\"item\":\"https:\/\/www.arep.cat\/es\/\"},{\"@type\":\"ListItem\",\"position\":2,\"name\":\"Pol\u00edtica de privacidad\"}]},{\"@type\":\"WebSite\",\"@id\":\"https:\/\/www.arep.cat\/es\/#website\",\"url\":\"https:\/\/www.arep.cat\/es\/\",\"name\":\"Arep\",\"description\":\"\",\"publisher\":{\"@id\":\"https:\/\/www.arep.cat\/es\/#organization\"},\"potentialAction\":[{\"@type\":\"SearchAction\",\"target\":{\"@type\":\"EntryPoint\",\"urlTemplate\":\"https:\/\/www.arep.cat\/es\/?s={search_term_string}\"},\"query-input\":{\"@type\":\"PropertyValueSpecification\",\"valueRequired\":true,\"valueName\":\"search_term_string\"}}],\"inLanguage\":\"es\"},{\"@type\":\"Organization\",\"@id\":\"https:\/\/www.arep.cat\/es\/#organization\",\"name\":\"Arep\",\"url\":\"https:\/\/www.arep.cat\/es\/\",\"logo\":{\"@type\":\"ImageObject\",\"inLanguage\":\"es\",\"@id\":\"https:\/\/www.arep.cat\/es\/#\/schema\/logo\/image\/\",\"url\":\"\",\"contentUrl\":\"\",\"caption\":\"Arep\"},\"image\":{\"@id\":\"https:\/\/www.arep.cat\/es\/#\/schema\/logo\/image\/\"}}]}<\/script>\n<!-- \/ Yoast SEO plugin. -->","yoast_head_json":{"title":"Pol\u00edtica de privacidad - Arep","robots":{"index":"index","follow":"follow","max-snippet":"max-snippet:-1","max-image-preview":"max-image-preview:large","max-video-preview":"max-video-preview:-1"},"canonical":"https:\/\/www.arep.cat\/es\/politica-de-privacidad\/","og_locale":"es_ES","og_type":"article","og_title":"Pol\u00edtica de privacidad - Arep","og_description":"Pol\u00edtica de privacidad y protecci\u00f3n de datos Datos solicitados Para acceder a algunos de los espacios de la web ser\u00e1 necesario facilitar determinadas datos personales que ser\u00e1n tratados de forma automatizada. Estos tratamientos o ficheros ser\u00e1n inscritos en la Agencia Espa\u00f1ola de Protecci\u00f3n de Datos bajo la titularidad de ASSOCIACI\u00d3 AREP PER LA SALUT MENTAL. [&hellip;]","og_url":"https:\/\/www.arep.cat\/es\/politica-de-privacidad\/","og_site_name":"Arep","article_modified_time":"2025-12-03T12:26:02+00:00","twitter_card":"summary_large_image","twitter_misc":{"Tiempo de lectura":"3 minutos"},"schema":{"@context":"https:\/\/schema.org","@graph":[{"@type":"WebPage","@id":"https:\/\/www.arep.cat\/es\/politica-de-privacidad\/","url":"https:\/\/www.arep.cat\/es\/politica-de-privacidad\/","name":"Pol\u00edtica de privacidad - Arep","isPartOf":{"@id":"https:\/\/www.arep.cat\/es\/#website"},"datePublished":"2025-01-04T13:52:31+00:00","dateModified":"2025-12-03T12:26:02+00:00","breadcrumb":{"@id":"https:\/\/www.arep.cat\/es\/politica-de-privacidad\/#breadcrumb"},"inLanguage":"es","potentialAction":[{"@type":"ReadAction","target":["https:\/\/www.arep.cat\/es\/politica-de-privacidad\/"]}]},{"@type":"BreadcrumbList","@id":"https:\/\/www.arep.cat\/es\/politica-de-privacidad\/#breadcrumb","itemListElement":[{"@type":"ListItem","position":1,"name":"Inici","item":"https:\/\/www.arep.cat\/es\/"},{"@type":"ListItem","position":2,"name":"Pol\u00edtica de privacidad"}]},{"@type":"WebSite","@id":"https:\/\/www.arep.cat\/es\/#website","url":"https:\/\/www.arep.cat\/es\/","name":"Arep","description":"","publisher":{"@id":"https:\/\/www.arep.cat\/es\/#organization"},"potentialAction":[{"@type":"SearchAction","target":{"@type":"EntryPoint","urlTemplate":"https:\/\/www.arep.cat\/es\/?s={search_term_string}"},"query-input":{"@type":"PropertyValueSpecification","valueRequired":true,"valueName":"search_term_string"}}],"inLanguage":"es"},{"@type":"Organization","@id":"https:\/\/www.arep.cat\/es\/#organization","name":"Arep","url":"https:\/\/www.arep.cat\/es\/","logo":{"@type":"ImageObject","inLanguage":"es","@id":"https:\/\/www.arep.cat\/es\/#\/schema\/logo\/image\/","url":"","contentUrl":"","caption":"Arep"},"image":{"@id":"https:\/\/www.arep.cat\/es\/#\/schema\/logo\/image\/"}}]}},"_links":{"self":[{"href":"https:\/\/www.arep.cat\/es\/wp-json\/wp\/v2\/pages\/5045","targetHints":{"allow":["GET"]}}],"collection":[{"href":"https:\/\/www.arep.cat\/es\/wp-json\/wp\/v2\/pages"}],"about":[{"href":"https:\/\/www.arep.cat\/es\/wp-json\/wp\/v2\/types\/page"}],"author":[{"embeddable":true,"href":"https:\/\/www.arep.cat\/es\/wp-json\/wp\/v2\/users\/1"}],"replies":[{"embeddable":true,"href":"https:\/\/www.arep.cat\/es\/wp-json\/wp\/v2\/comments?post=5045"}],"version-history":[{"count":0,"href":"https:\/\/www.arep.cat\/es\/wp-json\/wp\/v2\/pages\/5045\/revisions"}],"wp:attachment":[{"href":"https:\/\/www.arep.cat\/es\/wp-json\/wp\/v2\/media?parent=5045"}],"curies":[{"name":"wp","href":"https:\/\/api.w.org\/{rel}","templated":true}]}}