{"id":5047,"date":"2025-01-04T16:53:38","date_gmt":"2025-01-04T15:53:38","guid":{"rendered":"https:\/\/www.arep.cat\/acogida\/"},"modified":"2025-12-03T13:49:45","modified_gmt":"2025-12-03T12:49:45","slug":"acogida","status":"publish","type":"page","link":"https:\/\/www.arep.cat\/es\/acogida\/","title":{"rendered":"Acogida"},"content":{"rendered":"\t\t<div data-elementor-type=\"wp-page\" data-elementor-id=\"5047\" class=\"elementor elementor-5047 elementor-53\" data-elementor-post-type=\"page\">\n\t\t\t\t<div class=\"elementor-element elementor-element-62883db e-flex e-con-boxed e-con e-parent\" data-id=\"62883db\" data-element_type=\"container\" data-e-type=\"container\" data-settings=\"{&quot;background_background&quot;:&quot;classic&quot;}\">\n\t\t\t\t\t<div class=\"e-con-inner\">\n\t\t<div class=\"elementor-element elementor-element-93b6d8d e-con-full e-flex e-con e-child\" data-id=\"93b6d8d\" data-element_type=\"container\" data-e-type=\"container\" data-settings=\"{&quot;background_background&quot;:&quot;classic&quot;}\">\n\t\t\t\t<div class=\"elementor-element elementor-element-1d5936e elementor-widget-tablet__width-initial elementor-hidden-tablet elementor-widget-mobile__width-inherit elementor-widget elementor-widget-image\" data-id=\"1d5936e\" data-element_type=\"widget\" data-e-type=\"widget\" data-widget_type=\"image.default\">\n\t\t\t\t<div class=\"elementor-widget-container\">\n\t\t\t\t\t\t\t\t\t\t\t\t\t\t\t<img fetchpriority=\"high\" decoding=\"async\" width=\"800\" height=\"800\" src=\"https:\/\/www.arep.cat\/wp-content\/uploads\/2025\/03\/icona_acollida_fosc.svg\" class=\"attachment-large size-large wp-image-4314\" alt=\"\" \/>\t\t\t\t\t\t\t\t\t\t\t\t\t\t\t<\/div>\n\t\t\t\t<\/div>\n\t\t<div class=\"elementor-element elementor-element-f73f684 e-con-full e-flex e-con e-child\" data-id=\"f73f684\" data-element_type=\"container\" data-e-type=\"container\">\n\t\t<div class=\"elementor-element elementor-element-6d72fee e-con-full e-flex e-con e-child\" data-id=\"6d72fee\" data-element_type=\"container\" data-e-type=\"container\">\n\t\t\t\t<\/div>\n\t\t\t\t<div class=\"elementor-element elementor-element-646df60 elementor-widget elementor-widget-text-editor\" data-id=\"646df60\" data-element_type=\"widget\" data-e-type=\"widget\" data-widget_type=\"text-editor.default\">\n\t\t\t\t<div class=\"elementor-widget-container\">\n\t\t\t\t\t\t\t\t\t<h4>\u00bfNecesitas orientaci\u00f3n sobre salud mental? \u00bfQuieres conocer nuestros servicios? Si no sabes por donde empezar, desde el \u00e1rea de Acogida damos respuesta a tus dudas y te ayudamos a encontrar qu\u00e9 recurso de la red de salud mental es lo m\u00e1s adecuada para ti.  <\/h4>\t\t\t\t\t\t\t\t<\/div>\n\t\t\t\t<\/div>\n\t\t\t\t<\/div>\n\t\t\t\t<\/div>\n\t\t\t\t\t<\/div>\n\t\t\t\t<\/div>\n\t\t<section class=\"elementor-element elementor-element-c2ee3e7 e-flex e-con-boxed e-con e-parent\" data-id=\"c2ee3e7\" data-element_type=\"container\" data-e-type=\"container\">\n\t\t\t\t\t<div class=\"e-con-inner\">\n\t\t<div class=\"elementor-element elementor-element-27dafb5a e-con-full e-flex e-con e-child\" data-id=\"27dafb5a\" data-element_type=\"container\" data-e-type=\"container\" data-settings=\"{&quot;background_background&quot;:&quot;classic&quot;}\">\n\t\t\t\t<div class=\"elementor-element elementor-element-324e9363 elementor-widget elementor-widget-heading\" data-id=\"324e9363\" data-element_type=\"widget\" data-e-type=\"widget\" data-widget_type=\"heading.default\">\n\t\t\t\t<div class=\"elementor-widget-container\">\n\t\t\t\t\t<h2 class=\"elementor-heading-title elementor-size-default\">Espai Situa't<\/h2>\t\t\t\t<\/div>\n\t\t\t\t<\/div>\n\t\t\t\t<\/div>\n\t\t<div class=\"elementor-element elementor-element-37a9f11 e-con-full e-flex e-con e-child\" data-id=\"37a9f11\" data-element_type=\"container\" data-e-type=\"container\">\n\t\t<div class=\"elementor-element elementor-element-36facc6 e-con-full e-flex e-con e-child\" data-id=\"36facc6\" data-element_type=\"container\" data-e-type=\"container\" data-settings=\"{&quot;background_background&quot;:&quot;classic&quot;}\">\n\t\t<div class=\"elementor-element elementor-element-2778f918 e-con-full e-flex e-con e-child\" data-id=\"2778f918\" data-element_type=\"container\" data-e-type=\"container\" data-settings=\"{&quot;background_background&quot;:&quot;classic&quot;}\">\n\t\t\t\t<div class=\"elementor-element elementor-element-621d8327 elementor-widget elementor-widget-heading\" data-id=\"621d8327\" data-element_type=\"widget\" data-e-type=\"widget\" data-widget_type=\"heading.default\">\n\t\t\t\t<div class=\"elementor-widget-container\">\n\t\t\t\t\t<h5 class=\"elementor-heading-title elementor-size-default\">\u00bfQu\u00e9 \u00e9s?<\/h5>\t\t\t\t<\/div>\n\t\t\t\t<\/div>\n\t\t\t\t<div class=\"elementor-element elementor-element-152d1b44 elementor-widget elementor-widget-text-editor\" data-id=\"152d1b44\" data-element_type=\"widget\" data-e-type=\"widget\" data-widget_type=\"text-editor.default\">\n\t\t\t\t<div class=\"elementor-widget-container\">\n\t\t\t\t\t\t\t\t\t<p>Es un servicio de <strong>asesoramiento y orientaci\u00f3n sobre salud mental<\/strong> que gestionamos desde Arep en colaboraci\u00f3n con <span class=\"link_bright\"><a href=\"https:\/\/www.afemnoubarris.org\/\">AFEM Nou Barris<\/a><\/span> y <span class=\"link_bright\"><a href=\"https:\/\/www.salutmental.org\/\">Salut Mental Catalunya<\/a>.<\/span> Proporciona informaci\u00f3n especializada sobre servicios, red asociativa, recursos sociosanitarios, prestaciones, Grupos de Ayuda Mutua, apoyo a domicilio, ocio, vivienda, \u00e1mbito laboral, etc.<\/p>\t\t\t\t\t\t\t\t<\/div>\n\t\t\t\t<\/div>\n\t\t\t\t<\/div>\n\t\t<div class=\"elementor-element elementor-element-9909af0 e-con-full e-flex e-con e-child\" data-id=\"9909af0\" data-element_type=\"container\" data-e-type=\"container\">\n\t\t\t\t<div class=\"elementor-element elementor-element-4cbf69a elementor-widget elementor-widget-heading\" data-id=\"4cbf69a\" data-element_type=\"widget\" data-e-type=\"widget\" data-widget_type=\"heading.default\">\n\t\t\t\t<div class=\"elementor-widget-container\">\n\t\t\t\t\t<h5 class=\"elementor-heading-title elementor-size-default\">\u00bfQu\u00e9 ofrece?<\/h5>\t\t\t\t<\/div>\n\t\t\t\t<\/div>\n\t\t\t\t<div class=\"elementor-element elementor-element-6ca0d90 elementor-widget elementor-widget-text-editor\" data-id=\"6ca0d90\" data-element_type=\"widget\" data-e-type=\"widget\" data-widget_type=\"text-editor.default\">\n\t\t\t\t<div class=\"elementor-widget-container\">\n\t\t\t\t\t\t\t\t\t<ul><li aria-level=\"1\">Contacto directo y facilidad de acceso.<\/li><li aria-level=\"1\">Coordinaci\u00f3n con otros servicios.<\/li><li aria-level=\"1\">Se complementa con un servicio de asesoramiento legal (<span class=\"link_bright\"><a href=\"https:\/\/activatperlasalutmental.org\/category\/justament\/\">Justament<\/a><\/span>).<\/li><li aria-level=\"1\">Refuerzo a profesionales de referencia.<\/li><\/ul>\t\t\t\t\t\t\t\t<\/div>\n\t\t\t\t<\/div>\n\t\t\t\t<\/div>\n\t\t\t\t<\/div>\n\t\t<div class=\"elementor-element elementor-element-4bd5577 e-con-full e-flex e-con e-child\" data-id=\"4bd5577\" data-element_type=\"container\" data-e-type=\"container\">\n\t\t<div class=\"elementor-element elementor-element-8f0748b e-con-full e-flex e-con e-child\" data-id=\"8f0748b\" data-element_type=\"container\" data-e-type=\"container\">\n\t\t\t\t<div class=\"elementor-element elementor-element-a9c53ee elementor-widget elementor-widget-heading\" data-id=\"a9c53ee\" data-element_type=\"widget\" data-e-type=\"widget\" data-widget_type=\"heading.default\">\n\t\t\t\t<div class=\"elementor-widget-container\">\n\t\t\t\t\t<h5 class=\"elementor-heading-title elementor-size-default\">Requisitos de acceso<\/h5>\t\t\t\t<\/div>\n\t\t\t\t<\/div>\n\t\t\t\t<div class=\"elementor-element elementor-element-7ae2e62 elementor-widget elementor-widget-text-editor\" data-id=\"7ae2e62\" data-element_type=\"widget\" data-e-type=\"widget\" data-widget_type=\"text-editor.default\">\n\t\t\t\t<div class=\"elementor-widget-container\">\n\t\t\t\t\t\t\t\t\t<p>Cualquier persona interesada al recibir asesoramiento y apoyo en temas de salud mental puede dirigirse al Espai Situa\u2019t de su zona. Concretamente, el Espai Situa\u2019t Dreta-Nord atiende las demandas de los siguientes distritos: <b>Sant Andreu<\/b>, <b>Nou Barris<\/b>, <b>Sant Mart\u00ed<\/b>, <b>Horta-Guinard\u00f3<\/b> y <b>Dreta de l\u2019Eixample<\/b>. <\/p>\t\t\t\t\t\t\t\t<\/div>\n\t\t\t\t<\/div>\n\t\t\t\t<\/div>\n\t\t<div class=\"elementor-element elementor-element-fb7f701 e-con-full e-flex e-con e-child\" data-id=\"fb7f701\" data-element_type=\"container\" data-e-type=\"container\" data-settings=\"{&quot;background_background&quot;:&quot;classic&quot;}\">\n\t\t\t\t<div class=\"elementor-element elementor-element-54d6d18 elementor-widget elementor-widget-heading\" data-id=\"54d6d18\" data-element_type=\"widget\" data-e-type=\"widget\" data-widget_type=\"heading.default\">\n\t\t\t\t<div class=\"elementor-widget-container\">\n\t\t\t\t\t<h5 class=\"elementor-heading-title elementor-size-default\">Donde encontrarnos:<\/h5>\t\t\t\t<\/div>\n\t\t\t\t<\/div>\n\t\t\t\t<div class=\"elementor-element elementor-element-77cbca7 elementor-widget elementor-widget-heading\" data-id=\"77cbca7\" data-element_type=\"widget\" data-e-type=\"widget\" data-widget_type=\"heading.default\">\n\t\t\t\t<div class=\"elementor-widget-container\">\n\t\t\t\t\t<p class=\"elementor-heading-title elementor-size-default\"><a href=\"mailto:acollida@arep.cat\">acollida@arep.cat<\/a><\/p>\t\t\t\t<\/div>\n\t\t\t\t<\/div>\n\t\t\t\t<div class=\"elementor-element elementor-element-72d9d3b elementor-widget elementor-widget-heading\" data-id=\"72d9d3b\" data-element_type=\"widget\" data-e-type=\"widget\" data-widget_type=\"heading.default\">\n\t\t\t\t<div class=\"elementor-widget-container\">\n\t\t\t\t\t<p class=\"elementor-heading-title elementor-size-default\"><a href=\"#\">(+34) 606 605 887<\/a><\/p>\t\t\t\t<\/div>\n\t\t\t\t<\/div>\n\t\t\t\t<\/div>\n\t\t\t\t<\/div>\n\t\t\t\t<\/div>\n\t\t\t\t\t<\/div>\n\t\t\t\t<\/section>\n\t\t<div class=\"elementor-element elementor-element-78f779c5 e-flex e-con-boxed e-con e-parent\" data-id=\"78f779c5\" data-element_type=\"container\" data-e-type=\"container\" data-settings=\"{&quot;background_background&quot;:&quot;classic&quot;}\">\n\t\t\t\t\t<div class=\"e-con-inner\">\n\t\t<div class=\"elementor-element elementor-element-7985d11 e-con-full e-flex e-con e-child\" data-id=\"7985d11\" data-element_type=\"container\" data-e-type=\"container\">\n\t\t\t\t<div class=\"elementor-element elementor-element-648c63e5 elementor-tablet-align-justify elementor-widget-tablet__width-inherit elementor-widget elementor-widget-button\" data-id=\"648c63e5\" data-element_type=\"widget\" data-e-type=\"widget\" data-widget_type=\"button.default\">\n\t\t\t\t<div class=\"elementor-widget-container\">\n\t\t\t\t\t\t\t\t\t<div class=\"elementor-button-wrapper\">\n\t\t\t\t\t<a class=\"elementor-button elementor-button-link elementor-size-sm\" href=\"https:\/\/www.arep.cat\/es\/acogida\/\">\n\t\t\t\t\t\t<span class=\"elementor-button-content-wrapper\">\n\t\t\t\t\t\t\t\t\t<span class=\"elementor-button-text\">Acogida<\/span>\n\t\t\t\t\t<\/span>\n\t\t\t\t\t<\/a>\n\t\t\t\t<\/div>\n\t\t\t\t\t\t\t\t<\/div>\n\t\t\t\t<\/div>\n\t\t\t\t<div class=\"elementor-element elementor-element-3857292 elementor-tablet-align-justify elementor-widget-tablet__width-inherit elementor-widget elementor-widget-button\" data-id=\"3857292\" data-element_type=\"widget\" data-e-type=\"widget\" data-widget_type=\"button.default\">\n\t\t\t\t<div class=\"elementor-widget-container\">\n\t\t\t\t\t\t\t\t\t<div class=\"elementor-button-wrapper\">\n\t\t\t\t\t<a class=\"elementor-button elementor-button-link elementor-size-sm\" href=\"https:\/\/www.arep.cat\/suport-i-families\/\">\n\t\t\t\t\t\t<span class=\"elementor-button-content-wrapper\">\n\t\t\t\t\t\t\t\t\t<span class=\"elementor-button-text\">Apoyo y fam\u00edlies<\/span>\n\t\t\t\t\t<\/span>\n\t\t\t\t\t<\/a>\n\t\t\t\t<\/div>\n\t\t\t\t\t\t\t\t<\/div>\n\t\t\t\t<\/div>\n\t\t\t\t<div class=\"elementor-element elementor-element-ccd5752 elementor-tablet-align-justify elementor-widget-tablet__width-inherit elementor-widget elementor-widget-button\" data-id=\"ccd5752\" data-element_type=\"widget\" data-e-type=\"widget\" data-widget_type=\"button.default\">\n\t\t\t\t<div class=\"elementor-widget-container\">\n\t\t\t\t\t\t\t\t\t<div class=\"elementor-button-wrapper\">\n\t\t\t\t\t<a class=\"elementor-button elementor-button-link elementor-size-sm\" href=\"https:\/\/www.arep.cat\/rehabilitacio-comunitaria\/\">\n\t\t\t\t\t\t<span class=\"elementor-button-content-wrapper\">\n\t\t\t\t\t\t\t\t\t<span class=\"elementor-button-text\">Rehabilitaci\u00f3n comunitaria <\/span>\n\t\t\t\t\t<\/span>\n\t\t\t\t\t<\/a>\n\t\t\t\t<\/div>\n\t\t\t\t\t\t\t\t<\/div>\n\t\t\t\t<\/div>\n\t\t\t\t<div class=\"elementor-element elementor-element-742ca39 elementor-tablet-align-justify elementor-widget-tablet__width-inherit elementor-widget elementor-widget-button\" data-id=\"742ca39\" data-element_type=\"widget\" data-e-type=\"widget\" data-widget_type=\"button.default\">\n\t\t\t\t<div class=\"elementor-widget-container\">\n\t\t\t\t\t\t\t\t\t<div class=\"elementor-button-wrapper\">\n\t\t\t\t\t<a class=\"elementor-button elementor-button-link elementor-size-sm\" href=\"https:\/\/www.arep.cat\/habitatge\/\">\n\t\t\t\t\t\t<span class=\"elementor-button-content-wrapper\">\n\t\t\t\t\t\t\t\t\t<span class=\"elementor-button-text\">Vivienda<\/span>\n\t\t\t\t\t<\/span>\n\t\t\t\t\t<\/a>\n\t\t\t\t<\/div>\n\t\t\t\t\t\t\t\t<\/div>\n\t\t\t\t<\/div>\n\t\t\t\t<\/div>\n\t\t<div class=\"elementor-element elementor-element-9702286 e-con-full e-flex e-con e-child\" data-id=\"9702286\" data-element_type=\"container\" data-e-type=\"container\">\n\t\t\t\t<div class=\"elementor-element elementor-element-51a07c4 elementor-tablet-align-justify elementor-widget-tablet__width-inherit elementor-widget elementor-widget-button\" data-id=\"51a07c4\" data-element_type=\"widget\" data-e-type=\"widget\" data-widget_type=\"button.default\">\n\t\t\t\t<div class=\"elementor-widget-container\">\n\t\t\t\t\t\t\t\t\t<div class=\"elementor-button-wrapper\">\n\t\t\t\t\t<a class=\"elementor-button elementor-button-link elementor-size-sm\" href=\"https:\/\/www.arep.cat\/inclusio-comunitaria\/\">\n\t\t\t\t\t\t<span class=\"elementor-button-content-wrapper\">\n\t\t\t\t\t\t\t\t\t<span class=\"elementor-button-text\">Inclusi\u00f3n comunitaria<\/span>\n\t\t\t\t\t<\/span>\n\t\t\t\t\t<\/a>\n\t\t\t\t<\/div>\n\t\t\t\t\t\t\t\t<\/div>\n\t\t\t\t<\/div>\n\t\t\t\t<div class=\"elementor-element elementor-element-f5022b0 elementor-tablet-align-justify elementor-widget-tablet__width-inherit elementor-widget elementor-widget-button\" data-id=\"f5022b0\" data-element_type=\"widget\" data-e-type=\"widget\" data-widget_type=\"button.default\">\n\t\t\t\t<div class=\"elementor-widget-container\">\n\t\t\t\t\t\t\t\t\t<div class=\"elementor-button-wrapper\">\n\t\t\t\t\t<a class=\"elementor-button elementor-button-link elementor-size-sm\" href=\"https:\/\/www.arep.cat\/joves\/\">\n\t\t\t\t\t\t<span class=\"elementor-button-content-wrapper\">\n\t\t\t\t\t\t\t\t\t<span class=\"elementor-button-text\">J\u00f3venes<\/span>\n\t\t\t\t\t<\/span>\n\t\t\t\t\t<\/a>\n\t\t\t\t<\/div>\n\t\t\t\t\t\t\t\t<\/div>\n\t\t\t\t<\/div>\n\t\t\t\t<div class=\"elementor-element elementor-element-8643016 elementor-tablet-align-justify elementor-widget-tablet__width-inherit elementor-widget elementor-widget-button\" data-id=\"8643016\" data-element_type=\"widget\" data-e-type=\"widget\" data-widget_type=\"button.default\">\n\t\t\t\t<div class=\"elementor-widget-container\">\n\t\t\t\t\t\t\t\t\t<div class=\"elementor-button-wrapper\">\n\t\t\t\t\t<a class=\"elementor-button elementor-button-link elementor-size-sm\" href=\"https:\/\/www.arep.cat\/laboral\/\">\n\t\t\t\t\t\t<span class=\"elementor-button-content-wrapper\">\n\t\t\t\t\t\t\t\t\t<span class=\"elementor-button-text\">Laboral<\/span>\n\t\t\t\t\t<\/span>\n\t\t\t\t\t<\/a>\n\t\t\t\t<\/div>\n\t\t\t\t\t\t\t\t<\/div>\n\t\t\t\t<\/div>\n\t\t\t\t<div class=\"elementor-element elementor-element-151652b elementor-tablet-align-justify elementor-widget-tablet__width-inherit elementor-widget elementor-widget-button\" data-id=\"151652b\" data-element_type=\"widget\" data-e-type=\"widget\" data-widget_type=\"button.default\">\n\t\t\t\t<div class=\"elementor-widget-container\">\n\t\t\t\t\t\t\t\t\t<div class=\"elementor-button-wrapper\">\n\t\t\t\t\t<a class=\"elementor-button elementor-button-link elementor-size-sm\" href=\"https:\/\/www.arep.cat\/sensibilitzacio-i-formacio\/\">\n\t\t\t\t\t\t<span class=\"elementor-button-content-wrapper\">\n\t\t\t\t\t\t\t\t\t<span class=\"elementor-button-text\">Sensibilizaci\u00f3n y formaci\u00f3n<\/span>\n\t\t\t\t\t<\/span>\n\t\t\t\t\t<\/a>\n\t\t\t\t<\/div>\n\t\t\t\t\t\t\t\t<\/div>\n\t\t\t\t<\/div>\n\t\t\t\t<\/div>\n\t\t\t\t\t<\/div>\n\t\t\t\t<\/div>\n\t\t<div class=\"elementor-element elementor-element-75ed99bf e-flex e-con-boxed e-con e-parent\" data-id=\"75ed99bf\" data-element_type=\"container\" data-e-type=\"container\">\n\t\t\t\t\t<div class=\"e-con-inner\">\n\t\t\t\t<div class=\"elementor-element elementor-element-7e2f2b61 elementor-widget elementor-widget-eael-breadcrumbs\" data-id=\"7e2f2b61\" data-element_type=\"widget\" data-e-type=\"widget\" data-widget_type=\"eael-breadcrumbs.default\">\n\t\t\t\t<div class=\"elementor-widget-container\">\n\t\t\t\t\t\t\t<div class=\"eael-breadcrumbs\">\n\t\t\t<div class=\"eael-breadcrumbs__content\"><a href=\"https:\/\/www.arep.cat\/es\/\">Inici<\/a> <span class=\"eael-breadcrumb-separator\">\/<\/span> <span class = \"eael-current\">P\u00e1gina<\/span><\/div>\t\t<\/div>\n\t\t\t\t\t\t<\/div>\n\t\t\t\t<\/div>\n\t\t\t\t\t<\/div>\n\t\t\t\t<\/div>\n\t\t\t\t<\/div>\n\t\t","protected":false},"excerpt":{"rendered":"<p>\u00bfNecesitas orientaci\u00f3n sobre salud mental? \u00bfQuieres conocer nuestros servicios? Si no sabes por donde empezar, desde el \u00e1rea de Acogida damos respuesta a tus dudas y te ayudamos a encontrar qu\u00e9 recurso de la red de salud mental es lo m\u00e1s adecuada para ti. Espai Situa&#8217;t \u00bfQu\u00e9 \u00e9s? Es un servicio de asesoramiento y orientaci\u00f3n [&hellip;]<\/p>\n","protected":false},"author":1,"featured_media":0,"parent":0,"menu_order":7,"comment_status":"closed","ping_status":"closed","template":"","meta":{"inline_featured_image":false,"footnotes":""},"class_list":["post-5047","page","type-page","status-publish","hentry"],"yoast_head":"<!-- This site is optimized with the Yoast SEO plugin v26.9 - https:\/\/yoast.com\/product\/yoast-seo-wordpress\/ -->\n<title>Acogida - Arep<\/title>\n<meta name=\"robots\" content=\"index, follow, max-snippet:-1, max-image-preview:large, max-video-preview:-1\" \/>\n<link rel=\"canonical\" href=\"https:\/\/www.arep.cat\/es\/acogida\/\" \/>\n<meta property=\"og:locale\" content=\"es_ES\" \/>\n<meta property=\"og:type\" content=\"article\" \/>\n<meta property=\"og:title\" content=\"Acogida - Arep\" \/>\n<meta property=\"og:description\" content=\"\u00bfNecesitas orientaci\u00f3n sobre salud mental? \u00bfQuieres conocer nuestros servicios? Si no sabes por donde empezar, desde el \u00e1rea de Acogida damos respuesta a tus dudas y te ayudamos a encontrar qu\u00e9 recurso de la red de salud mental es lo m\u00e1s adecuada para ti. Espai Situa&#8217;t \u00bfQu\u00e9 \u00e9s? Es un servicio de asesoramiento y orientaci\u00f3n [&hellip;]\" \/>\n<meta property=\"og:url\" content=\"https:\/\/www.arep.cat\/es\/acogida\/\" \/>\n<meta property=\"og:site_name\" content=\"Arep\" \/>\n<meta property=\"article:modified_time\" content=\"2025-12-03T12:49:45+00:00\" \/>\n<meta name=\"twitter:card\" content=\"summary_large_image\" \/>\n<meta name=\"twitter:label1\" content=\"Tiempo de lectura\" \/>\n\t<meta name=\"twitter:data1\" content=\"1 minuto\" \/>\n<script type=\"application\/ld+json\" class=\"yoast-schema-graph\">{\"@context\":\"https:\/\/schema.org\",\"@graph\":[{\"@type\":\"WebPage\",\"@id\":\"https:\/\/www.arep.cat\/es\/acogida\/\",\"url\":\"https:\/\/www.arep.cat\/es\/acogida\/\",\"name\":\"Acogida - Arep\",\"isPartOf\":{\"@id\":\"https:\/\/www.arep.cat\/es\/#website\"},\"primaryImageOfPage\":{\"@id\":\"https:\/\/www.arep.cat\/es\/acogida\/#primaryimage\"},\"image\":{\"@id\":\"https:\/\/www.arep.cat\/es\/acogida\/#primaryimage\"},\"thumbnailUrl\":\"https:\/\/www.arep.cat\/wp-content\/uploads\/2025\/03\/icona_acollida_fosc.svg\",\"datePublished\":\"2025-01-04T15:53:38+00:00\",\"dateModified\":\"2025-12-03T12:49:45+00:00\",\"breadcrumb\":{\"@id\":\"https:\/\/www.arep.cat\/es\/acogida\/#breadcrumb\"},\"inLanguage\":\"es\",\"potentialAction\":[{\"@type\":\"ReadAction\",\"target\":[\"https:\/\/www.arep.cat\/es\/acogida\/\"]}]},{\"@type\":\"ImageObject\",\"inLanguage\":\"es\",\"@id\":\"https:\/\/www.arep.cat\/es\/acogida\/#primaryimage\",\"url\":\"https:\/\/www.arep.cat\/wp-content\/uploads\/2025\/03\/icona_acollida_fosc.svg\",\"contentUrl\":\"https:\/\/www.arep.cat\/wp-content\/uploads\/2025\/03\/icona_acollida_fosc.svg\"},{\"@type\":\"BreadcrumbList\",\"@id\":\"https:\/\/www.arep.cat\/es\/acogida\/#breadcrumb\",\"itemListElement\":[{\"@type\":\"ListItem\",\"position\":1,\"name\":\"Inici\",\"item\":\"https:\/\/www.arep.cat\/es\/\"},{\"@type\":\"ListItem\",\"position\":2,\"name\":\"Acogida\"}]},{\"@type\":\"WebSite\",\"@id\":\"https:\/\/www.arep.cat\/es\/#website\",\"url\":\"https:\/\/www.arep.cat\/es\/\",\"name\":\"Arep\",\"description\":\"\",\"publisher\":{\"@id\":\"https:\/\/www.arep.cat\/es\/#organization\"},\"potentialAction\":[{\"@type\":\"SearchAction\",\"target\":{\"@type\":\"EntryPoint\",\"urlTemplate\":\"https:\/\/www.arep.cat\/es\/?s={search_term_string}\"},\"query-input\":{\"@type\":\"PropertyValueSpecification\",\"valueRequired\":true,\"valueName\":\"search_term_string\"}}],\"inLanguage\":\"es\"},{\"@type\":\"Organization\",\"@id\":\"https:\/\/www.arep.cat\/es\/#organization\",\"name\":\"Arep\",\"url\":\"https:\/\/www.arep.cat\/es\/\",\"logo\":{\"@type\":\"ImageObject\",\"inLanguage\":\"es\",\"@id\":\"https:\/\/www.arep.cat\/es\/#\/schema\/logo\/image\/\",\"url\":\"\",\"contentUrl\":\"\",\"caption\":\"Arep\"},\"image\":{\"@id\":\"https:\/\/www.arep.cat\/es\/#\/schema\/logo\/image\/\"}}]}<\/script>\n<!-- \/ Yoast SEO plugin. -->","yoast_head_json":{"title":"Acogida - Arep","robots":{"index":"index","follow":"follow","max-snippet":"max-snippet:-1","max-image-preview":"max-image-preview:large","max-video-preview":"max-video-preview:-1"},"canonical":"https:\/\/www.arep.cat\/es\/acogida\/","og_locale":"es_ES","og_type":"article","og_title":"Acogida - Arep","og_description":"\u00bfNecesitas orientaci\u00f3n sobre salud mental? \u00bfQuieres conocer nuestros servicios? Si no sabes por donde empezar, desde el \u00e1rea de Acogida damos respuesta a tus dudas y te ayudamos a encontrar qu\u00e9 recurso de la red de salud mental es lo m\u00e1s adecuada para ti. Espai Situa&#8217;t \u00bfQu\u00e9 \u00e9s? Es un servicio de asesoramiento y orientaci\u00f3n [&hellip;]","og_url":"https:\/\/www.arep.cat\/es\/acogida\/","og_site_name":"Arep","article_modified_time":"2025-12-03T12:49:45+00:00","twitter_card":"summary_large_image","twitter_misc":{"Tiempo de lectura":"1 minuto"},"schema":{"@context":"https:\/\/schema.org","@graph":[{"@type":"WebPage","@id":"https:\/\/www.arep.cat\/es\/acogida\/","url":"https:\/\/www.arep.cat\/es\/acogida\/","name":"Acogida - Arep","isPartOf":{"@id":"https:\/\/www.arep.cat\/es\/#website"},"primaryImageOfPage":{"@id":"https:\/\/www.arep.cat\/es\/acogida\/#primaryimage"},"image":{"@id":"https:\/\/www.arep.cat\/es\/acogida\/#primaryimage"},"thumbnailUrl":"https:\/\/www.arep.cat\/wp-content\/uploads\/2025\/03\/icona_acollida_fosc.svg","datePublished":"2025-01-04T15:53:38+00:00","dateModified":"2025-12-03T12:49:45+00:00","breadcrumb":{"@id":"https:\/\/www.arep.cat\/es\/acogida\/#breadcrumb"},"inLanguage":"es","potentialAction":[{"@type":"ReadAction","target":["https:\/\/www.arep.cat\/es\/acogida\/"]}]},{"@type":"ImageObject","inLanguage":"es","@id":"https:\/\/www.arep.cat\/es\/acogida\/#primaryimage","url":"https:\/\/www.arep.cat\/wp-content\/uploads\/2025\/03\/icona_acollida_fosc.svg","contentUrl":"https:\/\/www.arep.cat\/wp-content\/uploads\/2025\/03\/icona_acollida_fosc.svg"},{"@type":"BreadcrumbList","@id":"https:\/\/www.arep.cat\/es\/acogida\/#breadcrumb","itemListElement":[{"@type":"ListItem","position":1,"name":"Inici","item":"https:\/\/www.arep.cat\/es\/"},{"@type":"ListItem","position":2,"name":"Acogida"}]},{"@type":"WebSite","@id":"https:\/\/www.arep.cat\/es\/#website","url":"https:\/\/www.arep.cat\/es\/","name":"Arep","description":"","publisher":{"@id":"https:\/\/www.arep.cat\/es\/#organization"},"potentialAction":[{"@type":"SearchAction","target":{"@type":"EntryPoint","urlTemplate":"https:\/\/www.arep.cat\/es\/?s={search_term_string}"},"query-input":{"@type":"PropertyValueSpecification","valueRequired":true,"valueName":"search_term_string"}}],"inLanguage":"es"},{"@type":"Organization","@id":"https:\/\/www.arep.cat\/es\/#organization","name":"Arep","url":"https:\/\/www.arep.cat\/es\/","logo":{"@type":"ImageObject","inLanguage":"es","@id":"https:\/\/www.arep.cat\/es\/#\/schema\/logo\/image\/","url":"","contentUrl":"","caption":"Arep"},"image":{"@id":"https:\/\/www.arep.cat\/es\/#\/schema\/logo\/image\/"}}]}},"_links":{"self":[{"href":"https:\/\/www.arep.cat\/es\/wp-json\/wp\/v2\/pages\/5047","targetHints":{"allow":["GET"]}}],"collection":[{"href":"https:\/\/www.arep.cat\/es\/wp-json\/wp\/v2\/pages"}],"about":[{"href":"https:\/\/www.arep.cat\/es\/wp-json\/wp\/v2\/types\/page"}],"author":[{"embeddable":true,"href":"https:\/\/www.arep.cat\/es\/wp-json\/wp\/v2\/users\/1"}],"replies":[{"embeddable":true,"href":"https:\/\/www.arep.cat\/es\/wp-json\/wp\/v2\/comments?post=5047"}],"version-history":[{"count":0,"href":"https:\/\/www.arep.cat\/es\/wp-json\/wp\/v2\/pages\/5047\/revisions"}],"wp:attachment":[{"href":"https:\/\/www.arep.cat\/es\/wp-json\/wp\/v2\/media?parent=5047"}],"curies":[{"name":"wp","href":"https:\/\/api.w.org\/{rel}","templated":true}]}}